{"id":29975,"date":"2025-10-10T07:22:26","date_gmt":"2025-10-10T07:22:26","guid":{"rendered":"https:\/\/saunazilla.com\/?post_type=product&#038;p=29975"},"modified":"2025-10-10T07:39:59","modified_gmt":"2025-10-10T07:39:59","slug":"kalevala-t-shirt-vainamoinen-finnish-mythology","status":"publish","type":"product","link":"https:\/\/saunazilla.com\/en\/product\/kalevala-t-shirt-vainamoinen-finnish-mythology\/","title":{"rendered":"Kalevala, V\u00e4in\u00e4m\u00f6inen T-shirt"},"content":{"rendered":"<p><strong>V\u00e4in\u00e4m\u00f6inen<\/strong> \u2013 storm and song.\u00a0The wind howls, the forest sways, and in the heart of the storm stands V\u00e4in\u00e4m\u00f6inen, mighty and calm, holding his great kantele like a weapon of wisdom. This graphic t-shirt captures the soul of Finland\u2019s legendary sage in a moment of pure myth and power.<\/p>\n<p>This is a tribute to the voice of creation, the keeper of ancient songs, the spirit of the wild North. Unisex and timeless, it&#8217;s perfect for those who find strength in silence and magic in melody.<\/p>\n<p>For the ones who speak with thunder, and sing through storms.<\/p>\n","protected":false},"excerpt":{"rendered":"<p><span style=\"color: #03a353;\">International shipping! <span style=\"color: #fc8230;\">Siehe unten auf Deutsch. Voir ci-dessous en fran\u00e7ais.<\/span><\/span><\/p>\n","protected":false},"featured_media":29930,"template":"","meta":{"_acf_changed":false},"product_brand":[],"product_cat":[207,198,200],"product_tag":[233],"class_list":{"0":"post-29975","1":"product","2":"type-product","3":"status-publish","4":"has-post-thumbnail","6":"product_cat-finland-products","7":"product_cat-mens-t-shirts","8":"product_cat-womens-t-shirts","9":"product_tag-finland-t-shirts","10":"product_shipping_class-t-shirts-2","12":"first","13":"instock","14":"taxable","15":"shipping-taxable","16":"purchasable","17":"product-type-variable","18":"has-default-attributes"},"acf":[],"_links":{"self":[{"href":"https:\/\/saunazilla.com\/en\/wp-json\/wp\/v2\/product\/29975","targetHints":{"allow":["GET"]}}],"collection":[{"href":"https:\/\/saunazilla.com\/en\/wp-json\/wp\/v2\/product"}],"about":[{"href":"https:\/\/saunazilla.com\/en\/wp-json\/wp\/v2\/types\/product"}],"wp:featuredmedia":[{"embeddable":true,"href":"https:\/\/saunazilla.com\/en\/wp-json\/wp\/v2\/media\/29930"}],"wp:attachment":[{"href":"https:\/\/saunazilla.com\/en\/wp-json\/wp\/v2\/media?parent=29975"}],"wp:term":[{"taxonomy":"product_brand","embeddable":true,"href":"https:\/\/saunazilla.com\/en\/wp-json\/wp\/v2\/product_brand?post=29975"},{"taxonomy":"product_cat","embeddable":true,"href":"https:\/\/saunazilla.com\/en\/wp-json\/wp\/v2\/product_cat?post=29975"},{"taxonomy":"product_tag","embeddable":true,"href":"https:\/\/saunazilla.com\/en\/wp-json\/wp\/v2\/product_tag?post=29975"}],"curies":[{"name":"wp","href":"https:\/\/api.w.org\/{rel}","templated":true}]}}