{"id":18052,"date":"2025-01-26T12:10:07","date_gmt":"2025-01-26T12:10:07","guid":{"rendered":"https:\/\/saunazilla.com\/?post_type=product&#038;p=18052"},"modified":"2025-10-06T10:36:21","modified_gmt":"2025-10-06T10:36:21","slug":"jyvaskyla-finland-road-sign-t-shirt","status":"publish","type":"product","link":"https:\/\/saunazilla.com\/en\/product\/jyvaskyla-finland-road-sign-t-shirt\/","title":{"rendered":"Jyv\u00e4skyl\u00e4 Road Sign T-shirt"},"content":{"rendered":"<p>Show your love for the heart of Central Finland with the <em>Jyv\u00e4skyl\u00e4 <\/em>T-shirt! Perfect for locals, visitors, and fans of this vibrant city, this soft and breathable tee blends comfort with a touch of Nordic charm. If you&#8217;re reminiscing about lake views, university days, or Alvar Aalto\u2019s architecture, this shirt keeps Jyv\u00e4skyl\u00e4, Finland close to your heart.<\/p>\n<p>Now you can catch the spirit of the North with our exclusive <a href=\"https:\/\/saunazilla.com\/en\/collections\/finland-t-shirts\/\"><strong>Finland t-shirts<\/strong><\/a>. Missed your chance to grab some Finland souvenirs during your visit, or just on the hunt for distinctive Finland merchandise? Look no further. Our unique lineup of <strong><a href=\"https:\/\/saunazilla.com\/en\/product-category\/finland-products\/\">Finland products<\/a><\/strong> features plenty of our signature dry Finnish humor, ideal for anyone who appreciates a <strong><a href=\"https:\/\/saunazilla.com\/en\/product-category\/funny-t-shirts\/\">funny t-shirt<\/a><\/strong> or a smartly designed humor shirt.<\/p>\n","protected":false},"excerpt":{"rendered":"<p><span style=\"color: #03a353;\">International shipping! <span style=\"color: #fc8230;\">Siehe unten auf Deutsch. Voir ci-dessous en fran\u00e7ais.<\/span><\/span><\/p>\n","protected":false},"featured_media":13207,"template":"","meta":{"_acf_changed":false},"product_brand":[],"product_cat":[207,188,198,200],"product_tag":[233],"class_list":{"0":"post-18052","1":"product","2":"type-product","3":"status-publish","4":"has-post-thumbnail","6":"product_cat-finland-products","7":"product_cat-jyvaskyla-finland","8":"product_cat-mens-t-shirts","9":"product_cat-womens-t-shirts","10":"product_tag-finland-t-shirts","11":"product_shipping_class-t-shirts-2","13":"first","14":"instock","15":"taxable","16":"shipping-taxable","17":"purchasable","18":"product-type-variable","19":"has-default-attributes"},"acf":[],"_links":{"self":[{"href":"https:\/\/saunazilla.com\/en\/wp-json\/wp\/v2\/product\/18052","targetHints":{"allow":["GET"]}}],"collection":[{"href":"https:\/\/saunazilla.com\/en\/wp-json\/wp\/v2\/product"}],"about":[{"href":"https:\/\/saunazilla.com\/en\/wp-json\/wp\/v2\/types\/product"}],"wp:featuredmedia":[{"embeddable":true,"href":"https:\/\/saunazilla.com\/en\/wp-json\/wp\/v2\/media\/13207"}],"wp:attachment":[{"href":"https:\/\/saunazilla.com\/en\/wp-json\/wp\/v2\/media?parent=18052"}],"wp:term":[{"taxonomy":"product_brand","embeddable":true,"href":"https:\/\/saunazilla.com\/en\/wp-json\/wp\/v2\/product_brand?post=18052"},{"taxonomy":"product_cat","embeddable":true,"href":"https:\/\/saunazilla.com\/en\/wp-json\/wp\/v2\/product_cat?post=18052"},{"taxonomy":"product_tag","embeddable":true,"href":"https:\/\/saunazilla.com\/en\/wp-json\/wp\/v2\/product_tag?post=18052"}],"curies":[{"name":"wp","href":"https:\/\/api.w.org\/{rel}","templated":true}]}}