{"id":16736,"date":"2023-10-05T09:14:31","date_gmt":"2023-10-05T09:14:31","guid":{"rendered":"https:\/\/saunazilla.com\/arvomme-ja-missiomme\/"},"modified":"2024-12-13T09:40:16","modified_gmt":"2024-12-13T09:40:16","slug":"our-values-and-mission","status":"publish","type":"page","link":"https:\/\/saunazilla.com\/en\/our-values-and-mission\/","title":{"rendered":"Our Values and Mission"},"content":{"rendered":"\n<h2 class=\"wp-block-heading has-large-font-size\">Missiomme<\/h2>\n\n\n\n<p>Saunazillan tavoitteena on levitt\u00e4\u00e4 kotiseuturakkautta, kevent\u00e4\u00e4 tunnelmaa, juhlistaa suomalaisille t\u00e4rkeit\u00e4 asioita ja vied\u00e4 Suomimeininki\u00e4 my\u00f6s maailmalle. Tuotamme s\u00e4\u00e4nn\u00f6llisesti mm. videosis\u00e4lt\u00f6\u00e4 (<a href=\"https:\/\/www.youtube.com\/@Saunazilla\" target=\"_blank\" rel=\"noreferrer noopener nofollow\">YouTube<\/a>) ja tekstimuotoisia artikkeleita (<a href=\"https:\/\/saunazilla.com\/en\/blog\/\">blogi<\/a>) mielenkiintoisista suomalaisista ja Suomesta.<\/p>\n\n\n\n<h2 class=\"wp-block-heading has-large-font-size\">Visiomme<\/h2>\n\n\n\n<p>Saunazillan visio on n\u00e4ytt\u00e4\u00e4 Suomi maailmalle ainutlaatuisessa ja kiehtovassa valossa, toivottavasti samalla onnistua my\u00f6s her\u00e4tt\u00e4m\u00e4\u00e4n ihmisten mielenkiinto t\u00e4t\u00e4 hyv\u00e4ll\u00e4 tavalla hullua kotimaatamme kohtaan. Jos onnistumme viel\u00e4 tuomaan hymy\u00e4 naamalle, niin se on siin\u00e4. Suomesta l\u00f6ytyy paljon mielenkiintoisia ja mukavia asioita, joita on mukava tuoda esille.<\/p>\n\n\n\n<h2 class=\"wp-block-heading has-large-font-size\">Arvomme<\/h2>\n\n\n\n<p>El\u00e4m\u00e4ss\u00e4 t\u00e4ytyy olla hauskuutta, ei kaikkea kannata ottaa liian vakavasti. Suomesta voi my\u00f6s olla ylpe\u00e4 ja Suomesta t\u00e4ytyy pit\u00e4\u00e4 hyv\u00e4\u00e4 huolta. Saunazilla pohdiskelee my\u00f6s ymp\u00e4rist\u00f6arvoja, eli pyrimme valitsemaan tuoteryhmi\u00e4 ja tuotteita, joiden tuotannossa on reilu meininki ja ajateltu luonto\u00e4idin hyvinvointia.<\/p>\n","protected":false},"excerpt":{"rendered":"<p>Missiomme Saunazillan tavoitteena on levitt\u00e4\u00e4 kotiseuturakkautta, kevent\u00e4\u00e4 tunnelmaa, juhlistaa suomalaisille t\u00e4rkeit\u00e4 asioita ja vied\u00e4 Suomimeininki\u00e4 my\u00f6s maailmalle. Tuotamme s\u00e4\u00e4nn\u00f6llisesti mm. videosis\u00e4lt\u00f6\u00e4 (YouTube) ja tekstimuotoisia artikkeleita (blogi) mielenkiintoisista suomalaisista ja Suomesta. Visiomme Saunazillan visio on n\u00e4ytt\u00e4\u00e4 Suomi maailmalle ainutlaatuisessa ja kiehtovassa valossa, toivottavasti samalla onnistua my\u00f6s her\u00e4tt\u00e4m\u00e4\u00e4n ihmisten mielenkiinto t\u00e4t\u00e4 hyv\u00e4ll\u00e4 tavalla hullua kotimaatamme kohtaan. Jos [&hellip;]<\/p>\n","protected":false},"author":1,"featured_media":12565,"parent":0,"menu_order":0,"comment_status":"closed","ping_status":"closed","template":"page-templates\/alasivu.php","meta":{"_acf_changed":false,"footnotes":""},"class_list":["post-16736","page","type-page","status-publish","has-post-thumbnail","hentry"],"acf":[],"_links":{"self":[{"href":"https:\/\/saunazilla.com\/en\/wp-json\/wp\/v2\/pages\/16736","targetHints":{"allow":["GET"]}}],"collection":[{"href":"https:\/\/saunazilla.com\/en\/wp-json\/wp\/v2\/pages"}],"about":[{"href":"https:\/\/saunazilla.com\/en\/wp-json\/wp\/v2\/types\/page"}],"author":[{"embeddable":true,"href":"https:\/\/saunazilla.com\/en\/wp-json\/wp\/v2\/users\/1"}],"replies":[{"embeddable":true,"href":"https:\/\/saunazilla.com\/en\/wp-json\/wp\/v2\/comments?post=16736"}],"version-history":[{"count":1,"href":"https:\/\/saunazilla.com\/en\/wp-json\/wp\/v2\/pages\/16736\/revisions"}],"predecessor-version":[{"id":16737,"href":"https:\/\/saunazilla.com\/en\/wp-json\/wp\/v2\/pages\/16736\/revisions\/16737"}],"wp:featuredmedia":[{"embeddable":true,"href":"https:\/\/saunazilla.com\/en\/wp-json\/wp\/v2\/media\/12565"}],"wp:attachment":[{"href":"https:\/\/saunazilla.com\/en\/wp-json\/wp\/v2\/media?parent=16736"}],"curies":[{"name":"wp","href":"https:\/\/api.w.org\/{rel}","templated":true}]}}