{"id":15502,"date":"2023-10-27T10:19:49","date_gmt":"2023-10-27T10:19:49","guid":{"rendered":"https:\/\/saunazilla.com\/faq\/"},"modified":"2026-02-19T09:27:49","modified_gmt":"2026-02-19T09:27:49","slug":"faq","status":"publish","type":"page","link":"https:\/\/saunazilla.com\/en\/faq\/","title":{"rendered":"FAQ"},"content":{"rendered":"\n<h4 class=\"wp-block-heading\">Questions and Answers<\/h4>\n\n\n\n<h2 class=\"wp-block-heading\">Who are you folks at Saunazilla?<\/h2>\n\n\n\n<p>We&#8217;re your fun and friendly Finnish brand. We sell merchandise related to Finland, sauna, and lots more. And, we have fun doing it.<\/p>\n\n\n\n<h2 class=\"wp-block-heading\">Where do you ship your products from?<\/h2>\n\n\n\n<p>For our international customers, our top-of-the-line supply hubs are in four main regions: <strong>North America<\/strong>, the <strong>EU<\/strong>, the <strong>UK<\/strong> and<strong> Australia<\/strong>. Your products will be shipped to you from the nearest one, allowing you to receive your order quicker and cheaper.<\/p>\n\n\n\n<h2 class=\"wp-block-heading\">Will I receive all of my products in the same package?<\/h2>\n\n\n\n<p>If your order includes multiple items, they might be shipped separately from two different supply hubs. Depending on shipping schedules, packages may arrive on different days.<\/p>\n\n\n\n<p>We have tracking details for each package, so you can follow their journey to your doorstep.<\/p>\n\n\n\n<h2 class=\"wp-block-heading\">Which countries do you ship to?<\/h2>\n\n\n\n<p>Australia, Austria, Belgium, Bulgaria, Canada, Croatia, Cyprus, Czechia, Denmark, Estonia, Finland, France, Germany, Greece, Hungary, Iceland, Ireland, Italy, Japan, Latvia, Liechtenstein, Lithuania, Luxembourg, Malta, Monaco, Netherlands, New Zealand, Norway, Poland, Portugal, Romania, San Marino, Slovakia, Slovenia, South Korea, Spain, Sweden, Switzerland, United Kingdom, United States.<\/p>\n\n\n\n<h2 class=\"wp-block-heading\">How long does the shipping take?<\/h2>\n\n\n\n<p>First, our production and packaging takes 1\u20133 business days. Then, Standard Shipping times for the <strong>United States<\/strong>, <strong>the UK<\/strong>, <strong>Central Europe<\/strong>, and <strong>Australia<\/strong> are generally <strong>2\u20135 business days<\/strong>. For the <strong>rest of Europe 5\u20137 business days<\/strong>, <strong>New Zealand 5\u201310 business days<\/strong>. As for the rest of the world, Standard Shipping can take up to <strong>10\u201320 business days<\/strong>.<\/p>\n\n\n\n<h2 class=\"wp-block-heading\">What are your payment methods?<\/h2>\n\n\n\n<p><strong>Banks:<\/strong> Nordea, Osuuspankki, Danske Bank, Tapiola, Aktia, Paikallisosuuspankit, S\u00e4\u00e4st\u00f6pankit, Handelsbanken, S-Pankki, \u00c5landsbanken.<br><strong>Credit cards:<\/strong> Paypal, Visa, Mastercard, American Express<br><strong>Mobile payments:<\/strong> MobilePay, Google Pay, Apple Pay<br><strong>Klarna<\/strong><\/p>\n\n\n\n<h2 class=\"wp-block-heading\">Is your site secure?<\/h2>\n\n\n\n<p>Yes, it is. We take privacy seriously and our payment gateways are top-notch.<\/p>\n","protected":false},"excerpt":{"rendered":"<p>Questions and Answers Who are you folks at Saunazilla? We&#8217;re your fun and friendly Finnish brand. We sell merchandise related to Finland, sauna, and lots more. And, we have fun doing it. Where do you ship your products from? For our international customers, our top-of-the-line supply hubs are in four main regions: North America, the [&hellip;]<\/p>\n","protected":false},"author":1,"featured_media":13484,"parent":0,"menu_order":0,"comment_status":"closed","ping_status":"closed","template":"page-templates\/alasivu.php","meta":{"_acf_changed":false,"footnotes":""},"class_list":["post-15502","page","type-page","status-publish","has-post-thumbnail","hentry"],"acf":[],"_links":{"self":[{"href":"https:\/\/saunazilla.com\/en\/wp-json\/wp\/v2\/pages\/15502","targetHints":{"allow":["GET"]}}],"collection":[{"href":"https:\/\/saunazilla.com\/en\/wp-json\/wp\/v2\/pages"}],"about":[{"href":"https:\/\/saunazilla.com\/en\/wp-json\/wp\/v2\/types\/page"}],"author":[{"embeddable":true,"href":"https:\/\/saunazilla.com\/en\/wp-json\/wp\/v2\/users\/1"}],"replies":[{"embeddable":true,"href":"https:\/\/saunazilla.com\/en\/wp-json\/wp\/v2\/comments?post=15502"}],"version-history":[{"count":17,"href":"https:\/\/saunazilla.com\/en\/wp-json\/wp\/v2\/pages\/15502\/revisions"}],"predecessor-version":[{"id":31244,"href":"https:\/\/saunazilla.com\/en\/wp-json\/wp\/v2\/pages\/15502\/revisions\/31244"}],"wp:featuredmedia":[{"embeddable":true,"href":"https:\/\/saunazilla.com\/en\/wp-json\/wp\/v2\/media\/13484"}],"wp:attachment":[{"href":"https:\/\/saunazilla.com\/en\/wp-json\/wp\/v2\/media?parent=15502"}],"curies":[{"name":"wp","href":"https:\/\/api.w.org\/{rel}","templated":true}]}}